{"id":13954,"date":"2023-08-17T11:29:23","date_gmt":"2023-08-17T11:29:23","guid":{"rendered":"https:\/\/ninetheme.com\/themes\/agricoma\/?page_id=13954"},"modified":"2025-09-29T13:54:23","modified_gmt":"2025-09-29T18:54:23","slug":"contacto","status":"publish","type":"page","link":"https:\/\/labogenesis.com\/tienda\/contacto\/","title":{"rendered":"Contacto"},"content":{"rendered":"\t\t<div data-elementor-type=\"wp-page\" data-elementor-id=\"13954\" class=\"elementor elementor-13954\">\n\t\t\t\t<div class=\"elementor-element elementor-element-7350239 e-flex e-con-boxed e-con e-parent\" data-id=\"7350239\" data-element_type=\"container\">\n\t\t\t\t\t<div class=\"e-con-inner\">\n\t\t<div class=\"elementor-element elementor-element-f609505 e-con-full e-flex e-con e-child\" data-id=\"f609505\" data-element_type=\"container\">\n\t\t<div class=\"elementor-element elementor-element-f2239d3 e-con-full e-flex e-con e-child\" data-id=\"f2239d3\" data-element_type=\"container\">\n\t\t\t\t<div class=\"elementor-element elementor-element-1ef68d7 ninetheme-transform transform-type-translate elementor-widget elementor-widget-heading\" data-id=\"1ef68d7\" data-element_type=\"widget\" data-widget_type=\"heading.default\">\n\t\t\t\t<div class=\"elementor-widget-container\">\n\t\t\t\t\t<h1 class=\"elementor-heading-title elementor-size-default\">Cont\u00e1ctanos<\/h1>\t\t\t\t<\/div>\n\t\t\t\t<\/div>\n\t\t\t\t<div class=\"elementor-element elementor-element-2d625fa ninetheme-transform transform-type-translate elementor-widget elementor-widget-heading\" data-id=\"2d625fa\" data-element_type=\"widget\" data-widget_type=\"heading.default\">\n\t\t\t\t<div class=\"elementor-widget-container\">\n\t\t\t\t\t<p class=\"elementor-heading-title elementor-size-default\">Tu mensaje es importante, un asesor se comunicar\u00e1 contigo lo m\u00e1s pronto posible<\/p>\t\t\t\t<\/div>\n\t\t\t\t<\/div>\n\t\t\t\t<\/div>\n\t\t<div class=\"elementor-element elementor-element-0704d2a e-con-full e-flex e-con e-child\" data-id=\"0704d2a\" data-element_type=\"container\">\n\t\t<div class=\"elementor-element elementor-element-e233c9b e-con-full e-flex e-con e-child\" data-id=\"e233c9b\" data-element_type=\"container\">\n\t\t\t\t<div class=\"elementor-element elementor-element-9f8b465 elementor-widget elementor-widget-image\" data-id=\"9f8b465\" data-element_type=\"widget\" data-widget_type=\"image.default\">\n\t\t\t\t<div class=\"elementor-widget-container\">\n\t\t\t\t\t\t\t\t\t\t\t\t\t\t\t<img fetchpriority=\"high\" decoding=\"async\" width=\"225\" height=\"225\" src=\"https:\/\/labogenesis.com\/tienda\/wp-content\/uploads\/2025\/02\/laboratorio-genesis-icono-correo.png\" class=\"attachment-medium size-medium wp-image-22681\" alt=\"\" \/>\t\t\t\t\t\t\t\t\t\t\t\t\t\t\t<\/div>\n\t\t\t\t<\/div>\n\t\t\t\t<div class=\"elementor-element elementor-element-d0172f7 ninetheme-transform transform-type-translate elementor-invisible elementor-widget elementor-widget-heading\" data-id=\"d0172f7\" data-element_type=\"widget\" data-settings=\"{&quot;_animation&quot;:&quot;slideInUp&quot;,&quot;_animation_delay&quot;:400}\" data-widget_type=\"heading.default\">\n\t\t\t\t<div class=\"elementor-widget-container\">\n\t\t\t\t\t<h3 class=\"elementor-heading-title elementor-size-default\">Email<\/h3>\t\t\t\t<\/div>\n\t\t\t\t<\/div>\n\t\t\t\t<div class=\"elementor-element elementor-element-24d038f ninetheme-transform transform-type-translate elementor-invisible elementor-widget elementor-widget-heading\" data-id=\"24d038f\" data-element_type=\"widget\" data-settings=\"{&quot;_animation&quot;:&quot;slideInUp&quot;,&quot;_animation_delay&quot;:500}\" data-widget_type=\"heading.default\">\n\t\t\t\t<div class=\"elementor-widget-container\">\n\t\t\t\t\t<p class=\"elementor-heading-title elementor-size-default\">micliente@labogenesis.com<\/p>\t\t\t\t<\/div>\n\t\t\t\t<\/div>\n\t\t\t\t<\/div>\n\t\t<div class=\"elementor-element elementor-element-013c8a9 e-con-full e-flex e-con e-child\" data-id=\"013c8a9\" data-element_type=\"container\">\n\t\t\t\t<div class=\"elementor-element elementor-element-5975323 elementor-widget elementor-widget-image\" data-id=\"5975323\" data-element_type=\"widget\" data-widget_type=\"image.default\">\n\t\t\t\t<div class=\"elementor-widget-container\">\n\t\t\t\t\t\t\t\t\t\t\t\t\t\t\t<img decoding=\"async\" width=\"225\" height=\"225\" src=\"https:\/\/labogenesis.com\/tienda\/wp-content\/uploads\/2025\/02\/laboratorio-genesis-icono-celular.png\" class=\"attachment-medium size-medium wp-image-22682\" alt=\"\" \/>\t\t\t\t\t\t\t\t\t\t\t\t\t\t\t<\/div>\n\t\t\t\t<\/div>\n\t\t\t\t<div class=\"elementor-element elementor-element-59c2c80 ninetheme-transform transform-type-translate elementor-invisible elementor-widget elementor-widget-heading\" data-id=\"59c2c80\" data-element_type=\"widget\" data-settings=\"{&quot;_animation&quot;:&quot;slideInUp&quot;,&quot;_animation_delay&quot;:400}\" data-widget_type=\"heading.default\">\n\t\t\t\t<div class=\"elementor-widget-container\">\n\t\t\t\t\t<h3 class=\"elementor-heading-title elementor-size-default\">Tel\u00e9fono<\/h3>\t\t\t\t<\/div>\n\t\t\t\t<\/div>\n\t\t\t\t<div class=\"elementor-element elementor-element-1f816e3 ninetheme-transform transform-type-translate elementor-invisible elementor-widget elementor-widget-heading\" data-id=\"1f816e3\" data-element_type=\"widget\" data-settings=\"{&quot;_animation&quot;:&quot;slideInUp&quot;,&quot;_animation_delay&quot;:500}\" data-widget_type=\"heading.default\">\n\t\t\t\t<div class=\"elementor-widget-container\">\n\t\t\t\t\t<p class=\"elementor-heading-title elementor-size-default\">(593) 3 284 0123 \/ 3 243 4197<\/br>\n(593) 9 8405 6811<\/p>\t\t\t\t<\/div>\n\t\t\t\t<\/div>\n\t\t\t\t<\/div>\n\t\t<div class=\"elementor-element elementor-element-08e71c6 e-con-full e-flex e-con e-child\" data-id=\"08e71c6\" data-element_type=\"container\">\n\t\t\t\t<div class=\"elementor-element elementor-element-496b7b6 elementor-widget elementor-widget-image\" data-id=\"496b7b6\" data-element_type=\"widget\" data-widget_type=\"image.default\">\n\t\t\t\t<div class=\"elementor-widget-container\">\n\t\t\t\t\t\t\t\t\t\t\t\t\t\t\t<img decoding=\"async\" width=\"225\" height=\"225\" src=\"https:\/\/labogenesis.com\/tienda\/wp-content\/uploads\/2025\/02\/laboratorio-genesis-icono-direccion.png\" class=\"attachment-medium size-medium wp-image-22680\" alt=\"\" \/>\t\t\t\t\t\t\t\t\t\t\t\t\t\t\t<\/div>\n\t\t\t\t<\/div>\n\t\t\t\t<div class=\"elementor-element elementor-element-7d10567 ninetheme-transform transform-type-translate elementor-invisible elementor-widget elementor-widget-heading\" data-id=\"7d10567\" data-element_type=\"widget\" data-settings=\"{&quot;_animation&quot;:&quot;slideInUp&quot;,&quot;_animation_delay&quot;:400}\" data-widget_type=\"heading.default\">\n\t\t\t\t<div class=\"elementor-widget-container\">\n\t\t\t\t\t<h3 class=\"elementor-heading-title elementor-size-default\">Direcci\u00f3n<\/h3>\t\t\t\t<\/div>\n\t\t\t\t<\/div>\n\t\t\t\t<div class=\"elementor-element elementor-element-0bde287 ninetheme-transform transform-type-translate elementor-invisible elementor-widget elementor-widget-heading\" data-id=\"0bde287\" data-element_type=\"widget\" data-settings=\"{&quot;_animation&quot;:&quot;slideInUp&quot;,&quot;_animation_delay&quot;:500}\" data-widget_type=\"heading.default\">\n\t\t\t\t<div class=\"elementor-widget-container\">\n\t\t\t\t\t<p class=\"elementor-heading-title elementor-size-default\">Cunchibamba Etapa 1 calle 4 y D - Lote 38A.<\/br>\nAmbato - Ecuador<\/p>\t\t\t\t<\/div>\n\t\t\t\t<\/div>\n\t\t\t\t<\/div>\n\t\t\t\t<\/div>\n\t\t\t\t<div class=\"elementor-element elementor-element-0c4add6 elementor-widget elementor-widget-google_maps\" data-id=\"0c4add6\" data-element_type=\"widget\" data-widget_type=\"google_maps.default\">\n\t\t\t\t<div class=\"elementor-widget-container\">\n\t\t\t\t\t\t\t<div class=\"elementor-custom-embed\">\n\t\t\t<iframe loading=\"lazy\"\n\t\t\t\t\tsrc=\"https:\/\/maps.google.com\/maps?q=%20Laboratorio%20GENESIS%20Labgenesis%20CIA.%20LTDA.&#038;t=m&#038;z=17&#038;output=embed&#038;iwloc=near\"\n\t\t\t\t\ttitle=\" Laboratorio GENESIS Labgenesis CIA. LTDA.\"\n\t\t\t\t\taria-label=\" Laboratorio GENESIS Labgenesis CIA. LTDA.\"\n\t\t\t><\/iframe>\n\t\t<\/div>\n\t\t\t\t\t\t<\/div>\n\t\t\t\t<\/div>\n\t\t\t\t<\/div>\n\t\t\t\t\t<\/div>\n\t\t\t\t<\/div>\n\t\t\t\t<\/div>\n\t\t","protected":false},"excerpt":{"rendered":"<p>Cont\u00e1ctanos Tu mensaje es importante, un asesor se comunicar\u00e1 contigo lo m\u00e1s pronto posible Email micliente@labogenesis.com Tel\u00e9fono (593) 3 284 0123 \/ 3 243 4197 (593) 9 8405 6811 Direcci\u00f3n Cunchibamba Etapa 1 calle 4 y D &#8211; Lote 38A. Ambato &#8211; Ecuador<\/p>\n","protected":false},"author":1,"featured_media":0,"parent":0,"menu_order":0,"comment_status":"closed","ping_status":"closed","template":"","meta":{"footnotes":""},"class_list":{"0":"post-13954","1":"page","2":"type-page","3":"status-publish","4":"hentry","5":"nt-post-class","6":"","7":"thumb-none","9":"excerpt-none"},"_links":{"self":[{"href":"https:\/\/labogenesis.com\/tienda\/wp-json\/wp\/v2\/pages\/13954","targetHints":{"allow":["GET"]}}],"collection":[{"href":"https:\/\/labogenesis.com\/tienda\/wp-json\/wp\/v2\/pages"}],"about":[{"href":"https:\/\/labogenesis.com\/tienda\/wp-json\/wp\/v2\/types\/page"}],"author":[{"embeddable":true,"href":"https:\/\/labogenesis.com\/tienda\/wp-json\/wp\/v2\/users\/1"}],"replies":[{"embeddable":true,"href":"https:\/\/labogenesis.com\/tienda\/wp-json\/wp\/v2\/comments?post=13954"}],"version-history":[{"count":6,"href":"https:\/\/labogenesis.com\/tienda\/wp-json\/wp\/v2\/pages\/13954\/revisions"}],"predecessor-version":[{"id":23846,"href":"https:\/\/labogenesis.com\/tienda\/wp-json\/wp\/v2\/pages\/13954\/revisions\/23846"}],"wp:attachment":[{"href":"https:\/\/labogenesis.com\/tienda\/wp-json\/wp\/v2\/media?parent=13954"}],"curies":[{"name":"wp","href":"https:\/\/api.w.org\/{rel}","templated":true}]}}