{"id":22709,"date":"2025-02-23T23:44:11","date_gmt":"2025-02-24T04:44:11","guid":{"rendered":"https:\/\/krakendigital.lat\/genesis\/?page_id=22709"},"modified":"2025-02-24T12:11:07","modified_gmt":"2025-02-24T17:11:07","slug":"nosotros","status":"publish","type":"page","link":"https:\/\/labogenesis.com\/tienda\/nosotros\/","title":{"rendered":"Nosotros"},"content":{"rendered":"\t\t<div data-elementor-type=\"wp-page\" data-elementor-id=\"22709\" class=\"elementor elementor-22709\">\n\t\t\t\t<div class=\"elementor-element elementor-element-89c6c88 e-flex e-con-boxed e-con e-parent\" data-id=\"89c6c88\" data-element_type=\"container\" data-settings=\"{&quot;background_background&quot;:&quot;classic&quot;}\">\n\t\t\t\t\t<div class=\"e-con-inner\">\n\t\t<div class=\"elementor-element elementor-element-1f29e96 e-con-full e-flex e-con e-child\" data-id=\"1f29e96\" data-element_type=\"container\">\n\t\t\t\t<div class=\"elementor-element elementor-element-05f4952 ninetheme-transform transform-type-translate elementor-widget elementor-widget-heading\" data-id=\"05f4952\" data-element_type=\"widget\" data-widget_type=\"heading.default\">\n\t\t\t\t<div class=\"elementor-widget-container\">\n\t\t\t\t\t<h1 class=\"elementor-heading-title elementor-size-default\">Nosotros<\/h1>\t\t\t\t<\/div>\n\t\t\t\t<\/div>\n\t\t\t\t<\/div>\n\t\t\t\t\t<\/div>\n\t\t\t\t<\/div>\n\t\t<div class=\"elementor-element elementor-element-f1b023e e-flex e-con-boxed e-con e-parent\" data-id=\"f1b023e\" data-element_type=\"container\" data-settings=\"{&quot;background_background&quot;:&quot;classic&quot;}\">\n\t\t\t\t\t<div class=\"e-con-inner\">\n\t\t<div class=\"elementor-element elementor-element-b4aed3c e-con-full e-flex e-con e-child\" data-id=\"b4aed3c\" data-element_type=\"container\" data-settings=\"{&quot;background_background&quot;:&quot;classic&quot;}\">\n\t\t\t\t<div class=\"elementor-element elementor-element-356942e ninetheme-transform transform-type-translate elementor-invisible elementor-widget elementor-widget-heading\" data-id=\"356942e\" data-element_type=\"widget\" data-settings=\"{&quot;_animation&quot;:&quot;fadeInDown&quot;,&quot;_animation_delay&quot;:400}\" data-widget_type=\"heading.default\">\n\t\t\t\t<div class=\"elementor-widget-container\">\n\t\t\t\t\t<h2 class=\"elementor-heading-title elementor-size-default\">Fundadores de Laboratorio G\u00e9nesis.\n<\/h2>\t\t\t\t<\/div>\n\t\t\t\t<\/div>\n\t\t\t\t<\/div>\n\t\t\t\t\t<\/div>\n\t\t\t\t<\/div>\n\t\t<div class=\"elementor-element elementor-element-86b48b2 e-flex e-con-boxed e-con e-parent\" data-id=\"86b48b2\" data-element_type=\"container\">\n\t\t\t\t\t<div class=\"e-con-inner\">\n\t\t<div class=\"elementor-element elementor-element-d0764d7 e-con-full e-flex e-con e-child\" data-id=\"d0764d7\" data-element_type=\"container\">\n\t\t<div class=\"elementor-element elementor-element-7817e67 e-con-full e-flex e-con e-child\" data-id=\"7817e67\" data-element_type=\"container\">\n\t\t<div class=\"elementor-element elementor-element-c5b363d e-con-full e-flex e-con e-child\" data-id=\"c5b363d\" data-element_type=\"container\">\n\t\t\t\t<div class=\"elementor-element elementor-element-4d5231e elementor-invisible elementor-widget elementor-widget-image\" data-id=\"4d5231e\" data-element_type=\"widget\" data-settings=\"{&quot;_animation&quot;:&quot;fadeInDown&quot;}\" data-widget_type=\"image.default\">\n\t\t\t\t<div class=\"elementor-widget-container\">\n\t\t\t\t\t\t\t\t\t\t\t\t\t\t\t<img fetchpriority=\"high\" decoding=\"async\" width=\"700\" height=\"698\" src=\"https:\/\/labogenesis.com\/tienda\/wp-content\/uploads\/2025\/02\/DR-ANGEL-MARIA.jpg\" class=\"attachment-medium_large size-medium_large wp-image-22720\" alt=\"\" \/>\t\t\t\t\t\t\t\t\t\t\t\t\t\t\t<\/div>\n\t\t\t\t<\/div>\n\t\t\t\t<div class=\"elementor-element elementor-element-a91dd01 ninetheme-transform transform-type-translate elementor-invisible elementor-widget elementor-widget-heading\" data-id=\"a91dd01\" data-element_type=\"widget\" data-settings=\"{&quot;_animation&quot;:&quot;fadeInDown&quot;,&quot;_animation_delay&quot;:400}\" data-widget_type=\"heading.default\">\n\t\t\t\t<div class=\"elementor-widget-container\">\n\t\t\t\t\t<h4 class=\"elementor-heading-title elementor-size-default\">DR. \u00c1NGEL MAR\u00cdA JAD\u00c1N PERALTA <br>28 DE MAYO 1936 -26 de FEBRERO DE 2001 (+)\n<\/h4>\t\t\t\t<\/div>\n\t\t\t\t<\/div>\n\t\t\t\t<div class=\"elementor-element elementor-element-b817f83 ninetheme-transform transform-type-translate elementor-invisible elementor-widget elementor-widget-heading\" data-id=\"b817f83\" data-element_type=\"widget\" data-settings=\"{&quot;_animation&quot;:&quot;fadeIn&quot;,&quot;_animation_delay&quot;:600}\" data-widget_type=\"heading.default\">\n\t\t\t\t<div class=\"elementor-widget-container\">\n\t\t\t\t\t<p class=\"elementor-heading-title elementor-size-default\">Bioqu\u00edmico Farmac\u00e9utico de profesi\u00f3n. Cofundador de la Facultad de Ingenier\u00eda de Alimentos de la Universidad T\u00e9cnica de Ambato. Cofundador de la Pontificia Universidad Cat\u00f3lica del Ecuador Sede Ambato. Prorector por 19 a\u00f1os de la PUCESA. Reconocimientos cient\u00edficos Mundiales WHO IS WHO IN THE WORLD, ROLEX AWARDS AND ENTERPRICE. Reconocimientos Nacionales DR. VICENTE ROCAFUERTE, JOAQU\u00cdN LALAMA, PIO JARAMILLO.<\/p>\t\t\t\t<\/div>\n\t\t\t\t<\/div>\n\t\t\t\t<\/div>\n\t\t<div class=\"elementor-element elementor-element-1532293 e-con-full e-flex e-con e-child\" data-id=\"1532293\" data-element_type=\"container\">\n\t\t\t\t<div class=\"elementor-element elementor-element-b9685fc elementor-invisible elementor-widget elementor-widget-image\" data-id=\"b9685fc\" data-element_type=\"widget\" data-settings=\"{&quot;_animation&quot;:&quot;fadeInDown&quot;}\" data-widget_type=\"image.default\">\n\t\t\t\t<div class=\"elementor-widget-container\">\n\t\t\t\t\t\t\t\t\t\t\t\t\t\t\t<img decoding=\"async\" width=\"700\" height=\"698\" src=\"https:\/\/labogenesis.com\/tienda\/wp-content\/uploads\/2025\/02\/laboratorio-genesis-icono-DRA.-AIDA-BEATRIZ.jpg\" class=\"attachment-large size-large wp-image-22722\" alt=\"\" \/>\t\t\t\t\t\t\t\t\t\t\t\t\t\t\t<\/div>\n\t\t\t\t<\/div>\n\t\t\t\t<div class=\"elementor-element elementor-element-678d22e ninetheme-transform transform-type-translate elementor-invisible elementor-widget elementor-widget-heading\" data-id=\"678d22e\" data-element_type=\"widget\" data-settings=\"{&quot;_animation&quot;:&quot;fadeInDown&quot;,&quot;_animation_delay&quot;:400}\" data-widget_type=\"heading.default\">\n\t\t\t\t<div class=\"elementor-widget-container\">\n\t\t\t\t\t<h4 class=\"elementor-heading-title elementor-size-default\">DRA. A\u00cdDA BEATRIZ \n <br>GUERRERO GARC\u00c9S<\/h4>\t\t\t\t<\/div>\n\t\t\t\t<\/div>\n\t\t\t\t<div class=\"elementor-element elementor-element-c777f05 ninetheme-transform transform-type-translate elementor-invisible elementor-widget elementor-widget-heading\" data-id=\"c777f05\" data-element_type=\"widget\" data-settings=\"{&quot;_animation&quot;:&quot;fadeIn&quot;,&quot;_animation_delay&quot;:600}\" data-widget_type=\"heading.default\">\n\t\t\t\t<div class=\"elementor-widget-container\">\n\t\t\t\t\t<p class=\"elementor-heading-title elementor-size-default\">Bioqu\u00edmica Farmac\u00e9utica de profesi\u00f3n. Fundadora de \"LA BOTICA BRISTOL\", Cofundadora Productos Nutrial. Co fundadora de Laboratorio G\u00e9nesis, Co fundadora de JBMCONSULTORES. Creadora de formulaciones farmac\u00e9uticas, Investigadora Senior de Laboratorio G\u00e9nesis. Representante ecuatoriana en el I Congreso Mundial de Medicina Ortomolecular y Antienvejecimiento. Actual Presidenta de Laboratorio G\u00e9 nesis.\n\n<\/p>\t\t\t\t<\/div>\n\t\t\t\t<\/div>\n\t\t\t\t<\/div>\n\t\t\t\t<\/div>\n\t\t\t\t<\/div>\n\t\t\t\t\t<\/div>\n\t\t\t\t<\/div>\n\t\t<div class=\"elementor-element elementor-element-a2e3164 e-flex e-con-boxed e-con e-parent\" data-id=\"a2e3164\" data-element_type=\"container\">\n\t\t\t\t\t<div class=\"e-con-inner\">\n\t\t<div class=\"elementor-element elementor-element-5cfd7f0 e-con-full e-flex e-con e-child\" data-id=\"5cfd7f0\" data-element_type=\"container\">\n\t\t<div class=\"elementor-element elementor-element-0c87d26 e-con-full e-flex e-con e-child\" data-id=\"0c87d26\" data-element_type=\"container\">\n\t\t<div class=\"elementor-element elementor-element-f3323fe e-con-full e-flex e-con e-child\" data-id=\"f3323fe\" data-element_type=\"container\">\n\t\t\t\t<div class=\"elementor-element elementor-element-37f6b19 ninetheme-transform transform-type-translate elementor-invisible elementor-widget elementor-widget-heading\" data-id=\"37f6b19\" data-element_type=\"widget\" data-settings=\"{&quot;_animation&quot;:&quot;fadeInDown&quot;,&quot;_animation_delay&quot;:400}\" data-widget_type=\"heading.default\">\n\t\t\t\t<div class=\"elementor-widget-container\">\n\t\t\t\t\t<h4 class=\"elementor-heading-title elementor-size-default\">CEO<br>\nM. Sc. MARCO DAVID JAD\u00c1N GUERRERO\n<\/h4>\t\t\t\t<\/div>\n\t\t\t\t<\/div>\n\t\t\t\t<div class=\"elementor-element elementor-element-4ad6311 ninetheme-transform transform-type-translate elementor-invisible elementor-widget elementor-widget-heading\" data-id=\"4ad6311\" data-element_type=\"widget\" data-settings=\"{&quot;_animation&quot;:&quot;fadeIn&quot;,&quot;_animation_delay&quot;:600}\" data-widget_type=\"heading.default\">\n\t\t\t\t<div class=\"elementor-widget-container\">\n\t\t\t\t\t<p class=\"elementor-heading-title elementor-size-default\">Administrador de empresas de profesi\u00f3n. Fundador y Presidente de JBMCONSULTORES, Fundador de la Cadena de Boticas y Farmacias LABO TICA BRISTOL, Dise\u00f1ador de proyectos Sociales. Procurador de Fondos para la reconstrucci\u00f3n del templo catedr\u00e1tico de Ambato. Cofundador de LABORATORIO G\u00c9NESIS LABGENESIS CIA. LTDA. Gerente General por 19 a\u00f1os.\n\n<\/p>\t\t\t\t<\/div>\n\t\t\t\t<\/div>\n\t\t\t\t<\/div>\n\t\t<div class=\"elementor-element elementor-element-de42c54 e-con-full e-flex e-con e-child\" data-id=\"de42c54\" data-element_type=\"container\">\n\t\t\t\t<div class=\"elementor-element elementor-element-5bf38e7 elementor-invisible elementor-widget elementor-widget-image\" data-id=\"5bf38e7\" data-element_type=\"widget\" data-settings=\"{&quot;_animation&quot;:&quot;fadeInDown&quot;}\" data-widget_type=\"image.default\">\n\t\t\t\t<div class=\"elementor-widget-container\">\n\t\t\t\t\t\t\t\t\t\t\t\t\t\t\t<img decoding=\"async\" width=\"700\" height=\"698\" src=\"https:\/\/labogenesis.com\/tienda\/wp-content\/uploads\/2025\/02\/laboratorio-genesis-Sc.-MARCO-DAVID-JADAN.jpg\" class=\"attachment-large size-large wp-image-22721\" alt=\"\" \/>\t\t\t\t\t\t\t\t\t\t\t\t\t\t\t<\/div>\n\t\t\t\t<\/div>\n\t\t\t\t<\/div>\n\t\t\t\t<\/div>\n\t\t\t\t<\/div>\n\t\t\t\t\t<\/div>\n\t\t\t\t<\/div>\n\t\t<div class=\"elementor-element elementor-element-b0c2638 e-flex e-con-boxed e-con e-parent\" data-id=\"b0c2638\" data-element_type=\"container\" data-settings=\"{&quot;background_background&quot;:&quot;gradient&quot;}\">\n\t\t\t\t\t<div class=\"e-con-inner\">\n\t\t<div class=\"elementor-element elementor-element-af83ed5 e-con-full e-flex e-con e-child\" data-id=\"af83ed5\" data-element_type=\"container\" data-settings=\"{&quot;background_background&quot;:&quot;classic&quot;}\">\n\t\t\t\t<div class=\"elementor-element elementor-element-c3816bb ninetheme-transform transform-type-translate elementor-invisible elementor-widget elementor-widget-heading\" data-id=\"c3816bb\" data-element_type=\"widget\" data-settings=\"{&quot;_animation&quot;:&quot;fadeInDown&quot;,&quot;_animation_delay&quot;:400}\" data-widget_type=\"heading.default\">\n\t\t\t\t<div class=\"elementor-widget-container\">\n\t\t\t\t\t<h2 class=\"elementor-heading-title elementor-size-default\">EQUIPO DE TRABAJO<\/h2>\t\t\t\t<\/div>\n\t\t\t\t<\/div>\n\t\t\t\t<\/div>\n\t\t\t\t\t<\/div>\n\t\t\t\t<\/div>\n\t\t<div class=\"elementor-element elementor-element-9d05d75 e-con-full e-flex e-con e-child\" data-id=\"9d05d75\" data-element_type=\"container\">\n\t\t<div class=\"elementor-element elementor-element-75a0343 e-con-full e-flex e-con e-child\" data-id=\"75a0343\" data-element_type=\"container\">\n\t\t\t\t<div class=\"elementor-element elementor-element-0e8e4ba elementor-invisible elementor-widget elementor-widget-image\" data-id=\"0e8e4ba\" data-element_type=\"widget\" data-settings=\"{&quot;_animation&quot;:&quot;slideInUp&quot;}\" data-widget_type=\"image.default\">\n\t\t\t\t<div class=\"elementor-widget-container\">\n\t\t\t\t\t\t\t\t\t\t\t\t\t\t\t<img loading=\"lazy\" decoding=\"async\" width=\"1440\" height=\"557\" src=\"https:\/\/labogenesis.com\/tienda\/wp-content\/uploads\/2025\/02\/laboratorio-genesis-equipo.jpg\" class=\"elementor-animation-float attachment-full size-full wp-image-22715\" alt=\"\" \/>\t\t\t\t\t\t\t\t\t\t\t\t\t\t\t<\/div>\n\t\t\t\t<\/div>\n\t\t\t\t<\/div>\n\t\t\t\t<\/div>\n\t\t\t\t<\/div>\n\t\t","protected":false},"excerpt":{"rendered":"<p>Nosotros Fundadores de Laboratorio G\u00e9nesis. DR. \u00c1NGEL MAR\u00cdA JAD\u00c1N PERALTA 28 DE MAYO 1936 -26 de FEBRERO DE 2001 (+) Bioqu\u00edmico Farmac\u00e9utico de profesi\u00f3n. Cofundador de la Facultad de Ingenier\u00eda de Alimentos de la Universidad T\u00e9cnica de Ambato. Cofundador de la Pontificia Universidad Cat\u00f3lica del Ecuador Sede Ambato. Prorector por 19 a\u00f1os de la PUCESA&#8230;.<\/p>\n","protected":false},"author":1,"featured_media":0,"parent":0,"menu_order":0,"comment_status":"closed","ping_status":"closed","template":"","meta":{"footnotes":""},"class_list":{"0":"post-22709","1":"page","2":"type-page","3":"status-publish","4":"hentry","5":"nt-post-class","6":"","7":"thumb-none","9":"excerpt-none"},"_links":{"self":[{"href":"https:\/\/labogenesis.com\/tienda\/wp-json\/wp\/v2\/pages\/22709","targetHints":{"allow":["GET"]}}],"collection":[{"href":"https:\/\/labogenesis.com\/tienda\/wp-json\/wp\/v2\/pages"}],"about":[{"href":"https:\/\/labogenesis.com\/tienda\/wp-json\/wp\/v2\/types\/page"}],"author":[{"embeddable":true,"href":"https:\/\/labogenesis.com\/tienda\/wp-json\/wp\/v2\/users\/1"}],"replies":[{"embeddable":true,"href":"https:\/\/labogenesis.com\/tienda\/wp-json\/wp\/v2\/comments?post=22709"}],"version-history":[{"count":0,"href":"https:\/\/labogenesis.com\/tienda\/wp-json\/wp\/v2\/pages\/22709\/revisions"}],"wp:attachment":[{"href":"https:\/\/labogenesis.com\/tienda\/wp-json\/wp\/v2\/media?parent=22709"}],"curies":[{"name":"wp","href":"https:\/\/api.w.org\/{rel}","templated":true}]}}