{"id":22805,"date":"2025-02-24T11:47:25","date_gmt":"2025-02-24T16:47:25","guid":{"rendered":"https:\/\/krakendigital.lat\/genesis\/?page_id=22805"},"modified":"2025-02-24T15:38:25","modified_gmt":"2025-02-24T20:38:25","slug":"terminos-y-condiciones","status":"publish","type":"page","link":"https:\/\/labogenesis.com\/tienda\/terminos-y-condiciones\/","title":{"rendered":"T\u00e9rminos y condiciones"},"content":{"rendered":"\t\t<div data-elementor-type=\"wp-page\" data-elementor-id=\"22805\" class=\"elementor elementor-22805\">\n\t\t\t\t<div class=\"elementor-element elementor-element-c7764f5 e-flex e-con-boxed e-con e-parent\" data-id=\"c7764f5\" data-element_type=\"container\" data-settings=\"{&quot;background_background&quot;:&quot;classic&quot;}\">\n\t\t\t\t\t<div class=\"e-con-inner\">\n\t\t<div class=\"elementor-element elementor-element-90a9a79 e-con-full e-flex e-con e-child\" data-id=\"90a9a79\" data-element_type=\"container\" data-settings=\"{&quot;background_background&quot;:&quot;classic&quot;}\">\n\t\t\t\t<div class=\"elementor-element elementor-element-d1c2330 ninetheme-transform transform-type-translate elementor-widget elementor-widget-heading\" data-id=\"d1c2330\" data-element_type=\"widget\" data-settings=\"{&quot;_animation&quot;:&quot;none&quot;,&quot;_animation_delay&quot;:400}\" data-widget_type=\"heading.default\">\n\t\t\t\t<div class=\"elementor-widget-container\">\n\t\t\t\t\t<h2 class=\"elementor-heading-title elementor-size-default\">Pol\u00edticas de Privacidad<\/h2>\t\t\t\t<\/div>\n\t\t\t\t<\/div>\n\t\t\t\t<\/div>\n\t\t\t\t\t<\/div>\n\t\t\t\t<\/div>\n\t\t<div class=\"elementor-element elementor-element-88e3aee e-flex e-con-boxed e-con e-parent\" data-id=\"88e3aee\" data-element_type=\"container\">\n\t\t\t\t\t<div class=\"e-con-inner\">\n\t\t\t\t<div class=\"elementor-element elementor-element-80c3284 ninetheme-transform transform-type-translate elementor-widget elementor-widget-heading\" data-id=\"80c3284\" data-element_type=\"widget\" data-settings=\"{&quot;_animation&quot;:&quot;none&quot;,&quot;_animation_delay&quot;:400}\" data-widget_type=\"heading.default\">\n\t\t\t\t<div class=\"elementor-widget-container\">\n\t\t\t\t\t<h4 class=\"elementor-heading-title elementor-size-default\">Pre\u00e1mbulo:\n<\/h4>\t\t\t\t<\/div>\n\t\t\t\t<\/div>\n\t\t\t\t<div class=\"elementor-element elementor-element-75dc74f ninetheme-transform transform-type-translate elementor-widget elementor-widget-heading\" data-id=\"75dc74f\" data-element_type=\"widget\" data-settings=\"{&quot;_animation&quot;:&quot;none&quot;,&quot;_animation_delay&quot;:600}\" data-widget_type=\"heading.default\">\n\t\t\t\t<div class=\"elementor-widget-container\">\n\t\t\t\t\t<p class=\"elementor-heading-title elementor-size-default\">Debido a las innovaciones t\u00e9cnicas que est\u00e1n en marcha y los cambios relevantes a nivel legal los siguientes T\u00e9rminos de Utilizaci\u00f3n necesitan ser actualizados cada cierto tiempo. Por eso pedimos a los usuarios que revisen los T\u00e9rminos y Condiciones antes de cualquier visita a la web y tengan en consideraci\u00f3n cualquier cambio o modificaci\u00f3n.\n<\/p>\t\t\t\t<\/div>\n\t\t\t\t<\/div>\n\t\t\t\t<div class=\"elementor-element elementor-element-d177448 ninetheme-transform transform-type-translate elementor-widget elementor-widget-heading\" data-id=\"d177448\" data-element_type=\"widget\" data-settings=\"{&quot;_animation&quot;:&quot;none&quot;,&quot;_animation_delay&quot;:400}\" data-widget_type=\"heading.default\">\n\t\t\t\t<div class=\"elementor-widget-container\">\n\t\t\t\t\t<h4 class=\"elementor-heading-title elementor-size-default\">Introducci\u00f3n - Aviso Legal\n<\/h4>\t\t\t\t<\/div>\n\t\t\t\t<\/div>\n\t\t\t\t<div class=\"elementor-element elementor-element-31130b4 ninetheme-transform transform-type-translate elementor-widget elementor-widget-heading\" data-id=\"31130b4\" data-element_type=\"widget\" data-settings=\"{&quot;_animation&quot;:&quot;none&quot;,&quot;_animation_delay&quot;:600}\" data-widget_type=\"heading.default\">\n\t\t\t\t<div class=\"elementor-widget-container\">\n\t\t\t\t\t<p class=\"elementor-heading-title elementor-size-default\">Estas p\u00e1ginas solo son informativas. El usuario, antes de usar cualquier producto debe cerciorarse de sus caracter\u00edsticas y comprobar la informaci\u00f3n m\u00e1s detallada que aparece en los envases, y de ser el caso, debe asesorarse por un experto.\n<\/p>\t\t\t\t<\/div>\n\t\t\t\t<\/div>\n\t\t\t\t<div class=\"elementor-element elementor-element-ceacd40 ninetheme-transform transform-type-translate elementor-widget elementor-widget-heading\" data-id=\"ceacd40\" data-element_type=\"widget\" data-settings=\"{&quot;_animation&quot;:&quot;none&quot;,&quot;_animation_delay&quot;:600}\" data-widget_type=\"heading.default\">\n\t\t\t\t<div class=\"elementor-widget-container\">\n\t\t\t\t\t<p class=\"elementor-heading-title elementor-size-default\">Al utilizar este sitio, usted acepta los t\u00e9rminos de uso (\"T\u00e9rminos\") de Labgenesis y sus compa\u00f1\u00edas relacionadas (\"Labgenesis\"). Puede leer estos T\u00e9rminos o imprimirlos. Si no est\u00e1 de acuerdo con estos T\u00e9rminos, no debe utilizar este sitio ni enviar informaci\u00f3n personal, entendiendo adem\u00e1s que tal vez no pueda acceder a algunos sitios u ofrecimientos ni enviarnos un e-mail.\n<\/p>\t\t\t\t<\/div>\n\t\t\t\t<\/div>\n\t\t\t\t<div class=\"elementor-element elementor-element-e29f4fd ninetheme-transform transform-type-translate elementor-widget elementor-widget-heading\" data-id=\"e29f4fd\" data-element_type=\"widget\" data-settings=\"{&quot;_animation&quot;:&quot;none&quot;,&quot;_animation_delay&quot;:600}\" data-widget_type=\"heading.default\">\n\t\t\t\t<div class=\"elementor-widget-container\">\n\t\t\t\t\t<p class=\"elementor-heading-title elementor-size-default\">La informaci\u00f3n personal que adquiera Labgenesis cuando usted consulte el sitio se procesar\u00e1 s\u00f3lo de acuerdo con las directrices establecidas en la Pol\u00edtica de Privacidad e indicadas a continuaci\u00f3n, as\u00ed como las leyes relativas a la privacidad. Podemos cambiar o revisar los t\u00e9rminos de nuestra pol\u00edtica de privacidad de vez en cuando, y por lo tanto le rogamos que visite esta \u00e1rea cada vez ingrese al sitio web para estar al d\u00eda de los t\u00e9rminos y condiciones en curso.\n<\/p>\t\t\t\t<\/div>\n\t\t\t\t<\/div>\n\t\t\t\t<div class=\"elementor-element elementor-element-b1e4de0 ninetheme-transform transform-type-translate elementor-widget elementor-widget-heading\" data-id=\"b1e4de0\" data-element_type=\"widget\" data-settings=\"{&quot;_animation&quot;:&quot;none&quot;,&quot;_animation_delay&quot;:600}\" data-widget_type=\"heading.default\">\n\t\t\t\t<div class=\"elementor-widget-container\">\n\t\t\t\t\t<p class=\"elementor-heading-title elementor-size-default\">Al acceder a esta p\u00e1gina o sitio web, usted acepta sin ninguna restricci\u00f3n o reserva los siguientes t\u00e9rminos generales de uso del sitio web que puede consultar o imprimir.\n<\/p>\t\t\t\t<\/div>\n\t\t\t\t<\/div>\n\t\t\t\t<div class=\"elementor-element elementor-element-a3cd8e1 ninetheme-transform transform-type-translate elementor-widget elementor-widget-heading\" data-id=\"a3cd8e1\" data-element_type=\"widget\" data-settings=\"{&quot;_animation&quot;:&quot;none&quot;,&quot;_animation_delay&quot;:400}\" data-widget_type=\"heading.default\">\n\t\t\t\t<div class=\"elementor-widget-container\">\n\t\t\t\t\t<h4 class=\"elementor-heading-title elementor-size-default\">T\u00c9RMINOS GENERALES DE USO\n<\/h4>\t\t\t\t<\/div>\n\t\t\t\t<\/div>\n\t\t\t\t<div class=\"elementor-element elementor-element-46a175e ninetheme-transform transform-type-translate elementor-widget elementor-widget-heading\" data-id=\"46a175e\" data-element_type=\"widget\" data-settings=\"{&quot;_animation&quot;:&quot;none&quot;,&quot;_animation_delay&quot;:600}\" data-widget_type=\"heading.default\">\n\t\t\t\t<div class=\"elementor-widget-container\">\n\t\t\t\t\t<p class=\"elementor-heading-title elementor-size-default\">Este sitio web pertenece y est\u00e1 controlado por Labgenesis, situada en Sudam\u00e9rica, Ecuador, Tungurahua, Ambato, en la Avenida Los Shyris y Av. Quis Quis.\n<\/p>\t\t\t\t<\/div>\n\t\t\t\t<\/div>\n\t\t\t\t<div class=\"elementor-element elementor-element-15415b6 ninetheme-transform transform-type-translate elementor-widget elementor-widget-heading\" data-id=\"15415b6\" data-element_type=\"widget\" data-settings=\"{&quot;_animation&quot;:&quot;none&quot;,&quot;_animation_delay&quot;:600}\" data-widget_type=\"heading.default\">\n\t\t\t\t<div class=\"elementor-widget-container\">\n\t\t\t\t\t<p class=\"elementor-heading-title elementor-size-default\">Este sitio web puede contener enlaces a sitios que no son de Labgenesis. Tenga presente que Labgenesis no es responsable por los contenidos de tales sitios en la web, o de las consecuencias de su uso, o por las compras que se realicen en ellos.\n<\/p>\t\t\t\t<\/div>\n\t\t\t\t<\/div>\n\t\t\t\t<div class=\"elementor-element elementor-element-9967b9a ninetheme-transform transform-type-translate elementor-widget elementor-widget-heading\" data-id=\"9967b9a\" data-element_type=\"widget\" data-settings=\"{&quot;_animation&quot;:&quot;none&quot;,&quot;_animation_delay&quot;:600}\" data-widget_type=\"heading.default\">\n\t\t\t\t<div class=\"elementor-widget-container\">\n\t\t\t\t\t<p class=\"elementor-heading-title elementor-size-default\">LA INFORMACI\u00d3N PROPORCIONADA EN ESTE SITIO EST\u00c1 SUJETA A VARIACIONES Y SE INDICA A T\u00cdTULO ESTIMATIVO, MERAMENTE ILUSTRATIVO. A MAYOR ABUNDAMIENTO, TAL INFORMACI\u00d3N EST\u00c1 SUJETA A ACTUALIZACIONES PERMANENTES, PERI\u00d3DICAS. LABGENESIS PROCURAR\u00c1 CONSERVAR ESTE SITIO LIBRE DE VIRUS, PERO NO GARANTIZA QUE SIEMPRE ESTE LIBRE DE VIRUS.\n<\/p>\t\t\t\t<\/div>\n\t\t\t\t<\/div>\n\t\t\t\t<div class=\"elementor-element elementor-element-e0e55fa ninetheme-transform transform-type-translate elementor-widget elementor-widget-heading\" data-id=\"e0e55fa\" data-element_type=\"widget\" data-settings=\"{&quot;_animation&quot;:&quot;none&quot;,&quot;_animation_delay&quot;:600}\" data-widget_type=\"heading.default\">\n\t\t\t\t<div class=\"elementor-widget-container\">\n\t\t\t\t\t<p class=\"elementor-heading-title elementor-size-default\">EL USUARIO ACEPTA QUE EL USO DEL SITIO SE EFECT\u00daA LIBRE Y VOLUNTARIAMENTE POR EL USUARIO Y BAJO SU \u00daNICA Y EXCLUSIVA RESPONSABILIDAD. LABGENESIS NO SER\u00c1 RESPONSABLE BAJO NINGUNA CIRCUNSTANCIA, CAUSA O MOTIVO, POR LOS DA\u00d1OS, PERJUICIOS, RECLAMOS U OTRAS CONSECUENCIAS, CUALQUIERA SEA SU NATURALEZA, MONTO O EXTENSI\u00d3N, ASOCIADOS AL, O DERIVADOS DEL, USO O CONSULTA DE ESTA PAGINA O SITIO WEB. EL USUARIO RESPONDER\u00c1 DE LOS DA\u00d1OS Y PERJUICIOS DE TODA NATURALEZA QUE LABGENESIS O SOCIEDADES RELACIONADAS A ELLA , OTROS USUARIOS O TERCEROS PUEDAN SUFRIR COMO CONSECUENCIA DE LA INFRACCI\u00d3N POR PARTE DEL USUARIO DE ESTOS T\u00c9RMINOS DE USO O LAS OBLIGACIONES QUE LA PAGINA LE IMPONE. ASIMISMO, USTED NOS LIBERA, Y SE COMPROMETE A MANTENERNOS INDEMNES Y A SALVO (Y A REEMBOLSARNOS, EN SU CASO) DE CUALQUIER QUEJA O RECLAMO, MULTA, COSTOS, GASTOS, ETC., ASOCIADOS A O QUE DERIVEN DEL USO O CONSULTA DE ESTA PAGINA O SITIO WEB.\n<\/p>\t\t\t\t<\/div>\n\t\t\t\t<\/div>\n\t\t\t\t<div class=\"elementor-element elementor-element-2df035e ninetheme-transform transform-type-translate elementor-widget elementor-widget-heading\" data-id=\"2df035e\" data-element_type=\"widget\" data-settings=\"{&quot;_animation&quot;:&quot;none&quot;,&quot;_animation_delay&quot;:600}\" data-widget_type=\"heading.default\">\n\t\t\t\t<div class=\"elementor-widget-container\">\n\t\t\t\t\t<p class=\"elementor-heading-title elementor-size-default\">POR MEDIO DE ESTE SITIO WEB LABGENESIS NO OTORGA NINGUNA GARANTIA EXPRESA NI IMPL\u00cdCITA SOBRE PRODUCTO NI SOBRE SU IDONEIDAD PARA UN USO DETERMINADO. TAL GARANT\u00cdA SE OTORGA, EN SU CASO, EN LA VENTA DE CADA PRODUCTO. LO ANTERIOR SIN PERJUICIO DE LAS REFERENCIAS A LAS GARANTIAS, DADAS A TITULO INFORMATIVO.\n<\/p>\t\t\t\t<\/div>\n\t\t\t\t<\/div>\n\t\t\t\t<div class=\"elementor-element elementor-element-2319b15 ninetheme-transform transform-type-translate elementor-widget elementor-widget-heading\" data-id=\"2319b15\" data-element_type=\"widget\" data-settings=\"{&quot;_animation&quot;:&quot;none&quot;,&quot;_animation_delay&quot;:600}\" data-widget_type=\"heading.default\">\n\t\t\t\t<div class=\"elementor-widget-container\">\n\t\t\t\t\t<p class=\"elementor-heading-title elementor-size-default\">EN CASO DE QUE ESTE SITIO WEB DE LABGENESIS LE PERMITA COMPRAR UN PRODUCTO O SERVICIO LABGENESIS, SE APLICAR\u00c1N LOS T\u00c9RMINOS Y CONDICIONES APLICABLES A DICHA TRANSACCI\u00d3N.\n<\/p>\t\t\t\t<\/div>\n\t\t\t\t<\/div>\n\t\t\t\t<div class=\"elementor-element elementor-element-67c817a ninetheme-transform transform-type-translate elementor-widget elementor-widget-heading\" data-id=\"67c817a\" data-element_type=\"widget\" data-settings=\"{&quot;_animation&quot;:&quot;none&quot;,&quot;_animation_delay&quot;:600}\" data-widget_type=\"heading.default\">\n\t\t\t\t<div class=\"elementor-widget-container\">\n\t\t\t\t\t<p class=\"elementor-heading-title elementor-size-default\">Este sitio web contiene declaraciones prospectivas y estimaciones futuras. Dichas declaraciones reflejan las opiniones de Labgenesis a la fecha respecto a eventos futuros, y est\u00e1n sujetas a riesgos, variaciones e incertidumbres que pueden afectar los resultados estimados o proyectados, incluyendo, cambios en las condiciones econ\u00f3micas, en los mercados, en el comercio exterior, legislaci\u00f3n, costos, oferta y demanda y otros aspectos comerciales tales como tasas de cambio de moneda y de inter\u00e9s), introducci\u00f3n de productos competidores, etc.\n<\/p>\t\t\t\t<\/div>\n\t\t\t\t<\/div>\n\t\t\t\t<div class=\"elementor-element elementor-element-6630d3e ninetheme-transform transform-type-translate elementor-widget elementor-widget-heading\" data-id=\"6630d3e\" data-element_type=\"widget\" data-settings=\"{&quot;_animation&quot;:&quot;none&quot;,&quot;_animation_delay&quot;:600}\" data-widget_type=\"heading.default\">\n\t\t\t\t<div class=\"elementor-widget-container\">\n\t\t\t\t\t<p class=\"elementor-heading-title elementor-size-default\">Labgenesis protege sus derechos sobre la propiedad intelectual (propiedad industrial y derechos de autor). Los Signos Distintivos que aparecen en este sitio est\u00e1n registrados y\/o son usados por Labgenesis, de propiedad o con licencia de Labgenesis o sus compa\u00f1\u00edas filiales. Este sitio web NO otorga una concesi\u00f3n, licencia, permiso o derecho sobre la propiedad intelectual sin el consentimiento expreso por escrito de Labgenesis. Adem\u00e1s, cualquier reproducci\u00f3n, retransmisi\u00f3n, modificaci\u00f3n o utilizaci\u00f3n de los contenidos de este sitio, requiere el consentimiento previo y escrito de Labgenesis. Sin perjuicio de lo anterior, la siguiente informaci\u00f3n de derechos de autor (copyright) debe acompa\u00f1ar a los contenidos de este sitio: \"Copyright \u00a9 2018 Labgenesis Cia. Ltda., Ambato, Ecuador. Reservados todos los derechos\"\n<\/p>\t\t\t\t<\/div>\n\t\t\t\t<\/div>\n\t\t\t\t<div class=\"elementor-element elementor-element-a329e54 ninetheme-transform transform-type-translate elementor-widget elementor-widget-heading\" data-id=\"a329e54\" data-element_type=\"widget\" data-settings=\"{&quot;_animation&quot;:&quot;none&quot;,&quot;_animation_delay&quot;:600}\" data-widget_type=\"heading.default\">\n\t\t\t\t<div class=\"elementor-widget-container\">\n\t\t\t\t\t<p class=\"elementor-heading-title elementor-size-default\">Este sitio web menciona con car\u00e1cter informativo productos Labgenesis a nivel mundial, que pueden no estar disponibles en su pa\u00eds en particular. Dichas referencias no implican que Labgenesis tenga la intenci\u00f3n de anunciar dichos productos, programas o servicios como existentes o disponibles en su pa\u00eds.\n<\/p>\t\t\t\t<\/div>\n\t\t\t\t<\/div>\n\t\t\t\t<div class=\"elementor-element elementor-element-057f61f ninetheme-transform transform-type-translate elementor-widget elementor-widget-heading\" data-id=\"057f61f\" data-element_type=\"widget\" data-settings=\"{&quot;_animation&quot;:&quot;none&quot;,&quot;_animation_delay&quot;:600}\" data-widget_type=\"heading.default\">\n\t\t\t\t<div class=\"elementor-widget-container\">\n\t\t\t\t\t<p class=\"elementor-heading-title elementor-size-default\">Labgenesis respeta la privacidad de todos los individuos que visitan nuestro sitio web. Cuando usted visite nuestro sitio web, no recogeremos ninguna informaci\u00f3n personal sobre usted a menos que usted las proporcione voluntariamente. Labgenesis se compromete a mantener secretos los datos que usted nos suministra. Labgenesis no tiene intenci\u00f3n de recoger informaci\u00f3n personal de menores de edad, quienes no deber\u00edan enviarnos informaci\u00f3n personal.\n<\/p>\t\t\t\t<\/div>\n\t\t\t\t<\/div>\n\t\t\t\t<div class=\"elementor-element elementor-element-a411eed ninetheme-transform transform-type-translate elementor-widget elementor-widget-heading\" data-id=\"a411eed\" data-element_type=\"widget\" data-settings=\"{&quot;_animation&quot;:&quot;none&quot;,&quot;_animation_delay&quot;:600}\" data-widget_type=\"heading.default\">\n\t\t\t\t<div class=\"elementor-widget-container\">\n\t\t\t\t\t<p class=\"elementor-heading-title elementor-size-default\">Cuando usted nos suministre informaci\u00f3n personal, nos est\u00e1 autorizando para guardar, procesar y utilizar dicha informaci\u00f3n para mejorar nuestra atenci\u00f3n, productos y servicios, ponernos en contacto con usted (para enviarle materiales de marketing o promoci\u00f3n, responder a sus comentarios o solicitudes, confirmar o coordinar pedidos, etc.) y dem\u00e1s prop\u00f3sitos similares. Tambi\u00e9n podemos ampliar o mezclar informaci\u00f3n personal con datos obtenidos de terceros, o compartirla con agentes o contratistas de Labgenesis, para los mismos prop\u00f3sitos. Al proporcionarnos la informaci\u00f3n usted acepta, y se entiende que usted nos autoriza a, compartir tal informaci\u00f3n con los referidos agentes o contratistas de Labgenesis.\n<\/p>\t\t\t\t<\/div>\n\t\t\t\t<\/div>\n\t\t\t\t<div class=\"elementor-element elementor-element-f5b0fbc ninetheme-transform transform-type-translate elementor-widget elementor-widget-heading\" data-id=\"f5b0fbc\" data-element_type=\"widget\" data-settings=\"{&quot;_animation&quot;:&quot;none&quot;,&quot;_animation_delay&quot;:600}\" data-widget_type=\"heading.default\">\n\t\t\t\t<div class=\"elementor-widget-container\">\n\t\t\t\t\t<p class=\"elementor-heading-title elementor-size-default\">En algunos casos podemos recoger informaci\u00f3n sobre usted que no sea informaci\u00f3n personal (Ej: su tipo de navegador de Internet o su sistema operativo, el nombre de dominio del sitio web usado, etc.). Adem\u00e1s, cuando usted accede nuestro sitio web, podemos almacenar alguna informaci\u00f3n en su computador en forma de \"cookie\" o archivo similar y nos ayudar\u00e1 en muchos modos. Por ejemplo, los cookies nos permiten perfilar un sitio web o anuncio seg\u00fan sus intereses y preferencias. Muchas herramientas permiten borrar o bloquear los cookies o ser advertidos antes de guardar un cookie, y usted puede consultar al respecto. Labgenesis no recoge autom\u00e1ticamente informaci\u00f3n personal, pero podemos unir informaci\u00f3n recogida autom\u00e1ticamente a su informaci\u00f3n no-personal enviada anteriormente.\n<\/p>\t\t\t\t<\/div>\n\t\t\t\t<\/div>\n\t\t\t\t<div class=\"elementor-element elementor-element-2c1eb48 ninetheme-transform transform-type-translate elementor-widget elementor-widget-heading\" data-id=\"2c1eb48\" data-element_type=\"widget\" data-settings=\"{&quot;_animation&quot;:&quot;none&quot;,&quot;_animation_delay&quot;:600}\" data-widget_type=\"heading.default\">\n\t\t\t\t<div class=\"elementor-widget-container\">\n\t\t\t\t\t<p class=\"elementor-heading-title elementor-size-default\">Si usted o un tercero nos ha enviado su informaci\u00f3n personal, y usted desea que se cancele, p\u00f3ngase en contacto con nosotros desde CONTACTO.\n<\/p>\t\t\t\t<\/div>\n\t\t\t\t<\/div>\n\t\t\t\t<div class=\"elementor-element elementor-element-cbd9ee0 ninetheme-transform transform-type-translate elementor-widget elementor-widget-heading\" data-id=\"cbd9ee0\" data-element_type=\"widget\" data-settings=\"{&quot;_animation&quot;:&quot;none&quot;,&quot;_animation_delay&quot;:600}\" data-widget_type=\"heading.default\">\n\t\t\t\t<div class=\"elementor-widget-container\">\n\t\t\t\t\t<p class=\"elementor-heading-title elementor-size-default\">Usted solo podr\u00e1 utilizar la informaci\u00f3n entregada para su uso personal y no comercial y, en consecuencia, le queda prohibido ceder, comercializar, recircular, retransmitir o distribuir en cualquier forma y a cualquier t\u00edtulo el todo o parte de dicha informaci\u00f3n sin previo consentimiento de Labgenesis. El usuario se compromete a no acceder al sitio con el prop\u00f3sito de hacer un uso no autorizado de la informaci\u00f3n que aparece en la p\u00e1gina. Adem\u00e1s, el usuario tiene la obligaci\u00f3n de seguir las instrucciones impartidas sobre el uso de los portales, as\u00ed como usar la p\u00e1gina en forma correcta y l\u00edcita, sin intervenir el sitio web en forma alguna.\n<\/p>\t\t\t\t<\/div>\n\t\t\t\t<\/div>\n\t\t\t\t<div class=\"elementor-element elementor-element-ab2e06f ninetheme-transform transform-type-translate elementor-widget elementor-widget-heading\" data-id=\"ab2e06f\" data-element_type=\"widget\" data-settings=\"{&quot;_animation&quot;:&quot;none&quot;,&quot;_animation_delay&quot;:600}\" data-widget_type=\"heading.default\">\n\t\t\t\t<div class=\"elementor-widget-container\">\n\t\t\t\t\t<p class=\"elementor-heading-title elementor-size-default\">Sin perjuicio de lo se\u00f1alado, usted entiende que del sitio no pueden desprenderse declaraciones de contenido impl\u00edcito, ni garant\u00edas de ning\u00fan tipo. El usuario debe mantener indemne a la empresa en caso de acciones que se deriven de un mal uso de la informaci\u00f3n por parte del usuario.\n<\/p>\t\t\t\t<\/div>\n\t\t\t\t<\/div>\n\t\t\t\t<div class=\"elementor-element elementor-element-a153952 ninetheme-transform transform-type-translate elementor-widget elementor-widget-heading\" data-id=\"a153952\" data-element_type=\"widget\" data-settings=\"{&quot;_animation&quot;:&quot;none&quot;,&quot;_animation_delay&quot;:600}\" data-widget_type=\"heading.default\">\n\t\t\t\t<div class=\"elementor-widget-container\">\n\t\t\t\t\t<p class=\"elementor-heading-title elementor-size-default\">Nuestra p\u00e1gina web, y las condiciones que la rigen, est\u00e1n reguladas por las leyes de la Rep\u00fablica del Ecuador y cualquier asunto relativo a ellas se encuentra sujeto a la jurisdicci\u00f3n de sus Tribunales de Justicia. La propiedad intelectual de este material pertenece a Labgenesis y todos los derechos se encuentran reservados.\n<\/p>\t\t\t\t<\/div>\n\t\t\t\t<\/div>\n\t\t\t\t<div class=\"elementor-element elementor-element-b4b682d ninetheme-transform transform-type-translate elementor-widget elementor-widget-heading\" data-id=\"b4b682d\" data-element_type=\"widget\" data-settings=\"{&quot;_animation&quot;:&quot;none&quot;,&quot;_animation_delay&quot;:600}\" data-widget_type=\"heading.default\">\n\t\t\t\t<div class=\"elementor-widget-container\">\n\t\t\t\t\t<p class=\"elementor-heading-title elementor-size-default\">\u00a9 2018 Labgenesis Cia. Ltda., Ambato - Ecuador<\/p>\t\t\t\t<\/div>\n\t\t\t\t<\/div>\n\t\t\t\t\t<\/div>\n\t\t\t\t<\/div>\n\t\t\t\t<\/div>\n\t\t","protected":false},"excerpt":{"rendered":"<p>Pol\u00edticas de Privacidad Pre\u00e1mbulo: Debido a las innovaciones t\u00e9cnicas que est\u00e1n en marcha y los cambios relevantes a nivel legal los siguientes T\u00e9rminos de Utilizaci\u00f3n necesitan ser actualizados cada cierto tiempo. Por eso pedimos a los usuarios que revisen los T\u00e9rminos y Condiciones antes de cualquier visita a la web y tengan en consideraci\u00f3n cualquier&#8230;<\/p>\n","protected":false},"author":1,"featured_media":0,"parent":0,"menu_order":0,"comment_status":"closed","ping_status":"closed","template":"","meta":{"footnotes":""},"class_list":{"0":"post-22805","1":"page","2":"type-page","3":"status-publish","4":"hentry","5":"nt-post-class","6":"","7":"thumb-none","9":"excerpt-none"},"_links":{"self":[{"href":"https:\/\/labogenesis.com\/tienda\/wp-json\/wp\/v2\/pages\/22805","targetHints":{"allow":["GET"]}}],"collection":[{"href":"https:\/\/labogenesis.com\/tienda\/wp-json\/wp\/v2\/pages"}],"about":[{"href":"https:\/\/labogenesis.com\/tienda\/wp-json\/wp\/v2\/types\/page"}],"author":[{"embeddable":true,"href":"https:\/\/labogenesis.com\/tienda\/wp-json\/wp\/v2\/users\/1"}],"replies":[{"embeddable":true,"href":"https:\/\/labogenesis.com\/tienda\/wp-json\/wp\/v2\/comments?post=22805"}],"version-history":[{"count":0,"href":"https:\/\/labogenesis.com\/tienda\/wp-json\/wp\/v2\/pages\/22805\/revisions"}],"wp:attachment":[{"href":"https:\/\/labogenesis.com\/tienda\/wp-json\/wp\/v2\/media?parent=22805"}],"curies":[{"name":"wp","href":"https:\/\/api.w.org\/{rel}","templated":true}]}}