{"id":22810,"date":"2025-02-24T12:06:05","date_gmt":"2025-02-24T17:06:05","guid":{"rendered":"https:\/\/krakendigital.lat\/genesis\/?page_id=22810"},"modified":"2025-02-24T12:53:43","modified_gmt":"2025-02-24T17:53:43","slug":"formas-de-pago","status":"publish","type":"page","link":"https:\/\/labogenesis.com\/tienda\/formas-de-pago\/","title":{"rendered":"Formas de Pago"},"content":{"rendered":"\t\t<div data-elementor-type=\"wp-page\" data-elementor-id=\"22810\" class=\"elementor elementor-22810\">\n\t\t\t\t<div class=\"elementor-element elementor-element-98be360 e-flex e-con-boxed e-con e-parent\" data-id=\"98be360\" data-element_type=\"container\" data-settings=\"{&quot;background_background&quot;:&quot;classic&quot;}\">\n\t\t\t\t\t<div class=\"e-con-inner\">\n\t\t<div class=\"elementor-element elementor-element-71b161f e-con-full e-flex e-con e-child\" data-id=\"71b161f\" data-element_type=\"container\">\n\t\t\t\t<div class=\"elementor-element elementor-element-db73be6 ninetheme-transform transform-type-translate elementor-widget elementor-widget-heading\" data-id=\"db73be6\" data-element_type=\"widget\" data-widget_type=\"heading.default\">\n\t\t\t\t<div class=\"elementor-widget-container\">\n\t\t\t\t\t<h1 class=\"elementor-heading-title elementor-size-default\">Formas de Pago<\/h1>\t\t\t\t<\/div>\n\t\t\t\t<\/div>\n\t\t\t\t<\/div>\n\t\t\t\t\t<\/div>\n\t\t\t\t<\/div>\n\t\t<div class=\"elementor-element elementor-element-04951cc e-flex e-con-boxed e-con e-parent\" data-id=\"04951cc\" data-element_type=\"container\">\n\t\t\t\t\t<div class=\"e-con-inner\">\n\t\t<div class=\"elementor-element elementor-element-844d1e7 e-con-full e-flex e-con e-child\" data-id=\"844d1e7\" data-element_type=\"container\">\n\t\t<div class=\"elementor-element elementor-element-16ac212 e-con-full e-flex e-con e-child\" data-id=\"16ac212\" data-element_type=\"container\">\n\t\t\t\t<div class=\"elementor-element elementor-element-f1f8c49 ninetheme-transform transform-type-translate elementor-invisible elementor-widget elementor-widget-heading\" data-id=\"f1f8c49\" data-element_type=\"widget\" data-settings=\"{&quot;_animation&quot;:&quot;fadeInDown&quot;,&quot;_animation_delay&quot;:400}\" data-widget_type=\"heading.default\">\n\t\t\t\t<div class=\"elementor-widget-container\">\n\t\t\t\t\t<h2 class=\"elementor-heading-title elementor-size-default\">Usted puede elegir la forma de pago de su preferencia<\/h2>\t\t\t\t<\/div>\n\t\t\t\t<\/div>\n\t\t\t\t<\/div>\n\t\t<div class=\"elementor-element elementor-element-ca37cc5 e-con-full e-flex e-con e-child\" data-id=\"ca37cc5\" data-element_type=\"container\">\n\t\t<div class=\"elementor-element elementor-element-42a5f75 e-con-full e-flex e-con e-child\" data-id=\"42a5f75\" data-element_type=\"container\">\n\t\t\t\t<div class=\"elementor-element elementor-element-0196ebb elementor-widget elementor-widget-image\" data-id=\"0196ebb\" data-element_type=\"widget\" data-widget_type=\"image.default\">\n\t\t\t\t<div class=\"elementor-widget-container\">\n\t\t\t\t\t\t\t\t\t\t\t\t\t\t\t<img fetchpriority=\"high\" decoding=\"async\" width=\"225\" height=\"225\" src=\"https:\/\/labogenesis.com\/tienda\/wp-content\/uploads\/2025\/02\/laboratorio-genesis-icono-efectivo.png\" class=\"attachment-medium size-medium wp-image-22817\" alt=\"\" \/>\t\t\t\t\t\t\t\t\t\t\t\t\t\t\t<\/div>\n\t\t\t\t<\/div>\n\t\t\t\t<div class=\"elementor-element elementor-element-ded6e93 ninetheme-transform transform-type-translate elementor-invisible elementor-widget elementor-widget-heading\" data-id=\"ded6e93\" data-element_type=\"widget\" data-settings=\"{&quot;_animation&quot;:&quot;slideInUp&quot;,&quot;_animation_delay&quot;:400}\" data-widget_type=\"heading.default\">\n\t\t\t\t<div class=\"elementor-widget-container\">\n\t\t\t\t\t<h4 class=\"elementor-heading-title elementor-size-default\">Efectivo<\/h4>\t\t\t\t<\/div>\n\t\t\t\t<\/div>\n\t\t\t\t<\/div>\n\t\t<div class=\"elementor-element elementor-element-fd5335b e-con-full e-flex e-con e-child\" data-id=\"fd5335b\" data-element_type=\"container\">\n\t\t\t\t<div class=\"elementor-element elementor-element-8dbe2d9 elementor-widget elementor-widget-image\" data-id=\"8dbe2d9\" data-element_type=\"widget\" data-widget_type=\"image.default\">\n\t\t\t\t<div class=\"elementor-widget-container\">\n\t\t\t\t\t\t\t\t\t\t\t\t\t\t\t<img decoding=\"async\" width=\"225\" height=\"225\" src=\"https:\/\/labogenesis.com\/tienda\/wp-content\/uploads\/2025\/02\/laboratorio-genesis-tarjeta-de-debito.png\" class=\"attachment-medium size-medium wp-image-22818\" alt=\"\" \/>\t\t\t\t\t\t\t\t\t\t\t\t\t\t\t<\/div>\n\t\t\t\t<\/div>\n\t\t\t\t<div class=\"elementor-element elementor-element-37fa1a2 ninetheme-transform transform-type-translate elementor-invisible elementor-widget elementor-widget-heading\" data-id=\"37fa1a2\" data-element_type=\"widget\" data-settings=\"{&quot;_animation&quot;:&quot;slideInUp&quot;,&quot;_animation_delay&quot;:400}\" data-widget_type=\"heading.default\">\n\t\t\t\t<div class=\"elementor-widget-container\">\n\t\t\t\t\t<h4 class=\"elementor-heading-title elementor-size-default\">Tarjeta de D\u00e9bito<\/h4>\t\t\t\t<\/div>\n\t\t\t\t<\/div>\n\t\t\t\t<\/div>\n\t\t<div class=\"elementor-element elementor-element-bbca92f e-con-full e-flex e-con e-child\" data-id=\"bbca92f\" data-element_type=\"container\">\n\t\t\t\t<div class=\"elementor-element elementor-element-60d02ca elementor-widget elementor-widget-image\" data-id=\"60d02ca\" data-element_type=\"widget\" data-widget_type=\"image.default\">\n\t\t\t\t<div class=\"elementor-widget-container\">\n\t\t\t\t\t\t\t\t\t\t\t\t\t\t\t<img decoding=\"async\" width=\"225\" height=\"225\" src=\"https:\/\/labogenesis.com\/tienda\/wp-content\/uploads\/2025\/02\/laboratorio-genesis-tarjeta-de-credito.png\" class=\"attachment-medium size-medium wp-image-22819\" alt=\"\" \/>\t\t\t\t\t\t\t\t\t\t\t\t\t\t\t<\/div>\n\t\t\t\t<\/div>\n\t\t\t\t<div class=\"elementor-element elementor-element-75f6a55 ninetheme-transform transform-type-translate elementor-invisible elementor-widget elementor-widget-heading\" data-id=\"75f6a55\" data-element_type=\"widget\" data-settings=\"{&quot;_animation&quot;:&quot;slideInUp&quot;,&quot;_animation_delay&quot;:400}\" data-widget_type=\"heading.default\">\n\t\t\t\t<div class=\"elementor-widget-container\">\n\t\t\t\t\t<h4 class=\"elementor-heading-title elementor-size-default\">Tarjeta de Cr\u00e9dito<\/h4>\t\t\t\t<\/div>\n\t\t\t\t<\/div>\n\t\t\t\t<\/div>\n\t\t\t\t<\/div>\n\t\t<div class=\"elementor-element elementor-element-4434eca e-con-full e-flex e-con e-child\" data-id=\"4434eca\" data-element_type=\"container\">\n\t\t<div class=\"elementor-element elementor-element-584cbd7 e-con-full e-flex e-con e-child\" data-id=\"584cbd7\" data-element_type=\"container\">\n\t\t\t\t<div class=\"elementor-element elementor-element-b4f93a6 elementor-widget elementor-widget-image\" data-id=\"b4f93a6\" data-element_type=\"widget\" data-widget_type=\"image.default\">\n\t\t\t\t<div class=\"elementor-widget-container\">\n\t\t\t\t\t\t\t\t\t\t\t\t\t\t\t<img loading=\"lazy\" decoding=\"async\" width=\"225\" height=\"225\" src=\"https:\/\/labogenesis.com\/tienda\/wp-content\/uploads\/2025\/02\/laboratorio-genesis-icono-deposito-bancario.png\" class=\"attachment-medium size-medium wp-image-22820\" alt=\"\" \/>\t\t\t\t\t\t\t\t\t\t\t\t\t\t\t<\/div>\n\t\t\t\t<\/div>\n\t\t\t\t<div class=\"elementor-element elementor-element-b52a8eb ninetheme-transform transform-type-translate elementor-invisible elementor-widget elementor-widget-heading\" data-id=\"b52a8eb\" data-element_type=\"widget\" data-settings=\"{&quot;_animation&quot;:&quot;slideInUp&quot;,&quot;_animation_delay&quot;:400}\" data-widget_type=\"heading.default\">\n\t\t\t\t<div class=\"elementor-widget-container\">\n\t\t\t\t\t<h4 class=\"elementor-heading-title elementor-size-default\">Dep\u00f3stio Bancario<\/h4>\t\t\t\t<\/div>\n\t\t\t\t<\/div>\n\t\t\t\t<\/div>\n\t\t<div class=\"elementor-element elementor-element-4a17669 e-con-full e-flex e-con e-child\" data-id=\"4a17669\" data-element_type=\"container\">\n\t\t\t\t<div class=\"elementor-element elementor-element-f17dbc1 elementor-widget elementor-widget-image\" data-id=\"f17dbc1\" data-element_type=\"widget\" data-widget_type=\"image.default\">\n\t\t\t\t<div class=\"elementor-widget-container\">\n\t\t\t\t\t\t\t\t\t\t\t\t\t\t\t<img loading=\"lazy\" decoding=\"async\" width=\"225\" height=\"225\" src=\"https:\/\/labogenesis.com\/tienda\/wp-content\/uploads\/2025\/02\/laboratorio-genesis-icono-transferencia-bancaria.png\" class=\"attachment-medium size-medium wp-image-22821\" alt=\"\" \/>\t\t\t\t\t\t\t\t\t\t\t\t\t\t\t<\/div>\n\t\t\t\t<\/div>\n\t\t\t\t<div class=\"elementor-element elementor-element-258a493 ninetheme-transform transform-type-translate elementor-invisible elementor-widget elementor-widget-heading\" data-id=\"258a493\" data-element_type=\"widget\" data-settings=\"{&quot;_animation&quot;:&quot;slideInUp&quot;,&quot;_animation_delay&quot;:400}\" data-widget_type=\"heading.default\">\n\t\t\t\t<div class=\"elementor-widget-container\">\n\t\t\t\t\t<h4 class=\"elementor-heading-title elementor-size-default\">Transferencia Bancaria<\/h4>\t\t\t\t<\/div>\n\t\t\t\t<\/div>\n\t\t\t\t<\/div>\n\t\t<div class=\"elementor-element elementor-element-87e62de e-con-full e-flex e-con e-child\" data-id=\"87e62de\" data-element_type=\"container\">\n\t\t\t\t<div class=\"elementor-element elementor-element-945df88 elementor-widget elementor-widget-image\" data-id=\"945df88\" data-element_type=\"widget\" data-widget_type=\"image.default\">\n\t\t\t\t<div class=\"elementor-widget-container\">\n\t\t\t\t\t\t\t\t\t\t\t\t\t\t\t<img loading=\"lazy\" decoding=\"async\" width=\"300\" height=\"300\" src=\"https:\/\/labogenesis.com\/tienda\/wp-content\/uploads\/2024\/03\/LOGO-LABORATORIO-GENESIS-favicon-300x300.png\" class=\"attachment-medium size-medium wp-image-22096\" alt=\"\" \/>\t\t\t\t\t\t\t\t\t\t\t\t\t\t\t<\/div>\n\t\t\t\t<\/div>\n\t\t\t\t<\/div>\n\t\t\t\t<\/div>\n\t\t\t\t<\/div>\n\t\t\t\t\t<\/div>\n\t\t\t\t<\/div>\n\t\t\t\t<\/div>\n\t\t","protected":false},"excerpt":{"rendered":"<p>Formas de Pago Usted puede elegir la forma de pago de su preferencia Efectivo Tarjeta de D\u00e9bito Tarjeta de Cr\u00e9dito Dep\u00f3stio Bancario Transferencia Bancaria<\/p>\n","protected":false},"author":1,"featured_media":0,"parent":0,"menu_order":0,"comment_status":"closed","ping_status":"closed","template":"","meta":{"footnotes":""},"class_list":{"0":"post-22810","1":"page","2":"type-page","3":"status-publish","4":"hentry","5":"nt-post-class","6":"","7":"thumb-none","9":"excerpt-none"},"_links":{"self":[{"href":"https:\/\/labogenesis.com\/tienda\/wp-json\/wp\/v2\/pages\/22810","targetHints":{"allow":["GET"]}}],"collection":[{"href":"https:\/\/labogenesis.com\/tienda\/wp-json\/wp\/v2\/pages"}],"about":[{"href":"https:\/\/labogenesis.com\/tienda\/wp-json\/wp\/v2\/types\/page"}],"author":[{"embeddable":true,"href":"https:\/\/labogenesis.com\/tienda\/wp-json\/wp\/v2\/users\/1"}],"replies":[{"embeddable":true,"href":"https:\/\/labogenesis.com\/tienda\/wp-json\/wp\/v2\/comments?post=22810"}],"version-history":[{"count":0,"href":"https:\/\/labogenesis.com\/tienda\/wp-json\/wp\/v2\/pages\/22810\/revisions"}],"wp:attachment":[{"href":"https:\/\/labogenesis.com\/tienda\/wp-json\/wp\/v2\/media?parent=22810"}],"curies":[{"name":"wp","href":"https:\/\/api.w.org\/{rel}","templated":true}]}}