{"id":22228,"date":"2025-02-20T19:04:49","date_gmt":"2025-02-21T00:04:49","guid":{"rendered":"https:\/\/krakendigital.lat\/genesis\/?post_type=product&#038;p=22228"},"modified":"2025-09-29T14:41:51","modified_gmt":"2025-09-29T19:41:51","slug":"vitamina-c","status":"publish","type":"product","link":"https:\/\/labogenesis.com\/tienda\/product\/vitamina-c\/","title":{"rendered":"Vitamina C++"},"content":{"rendered":"<p><strong>MODO DE USO:<\/strong><br \/>\nIngerir 1 c\u00e1psula diaria antes o desp\u00faes de las comidas con un vaso de agua.<\/p>\n","protected":false},"excerpt":{"rendered":"<p>Vitamina C ++ (\u00e1cido asc\u00f3rbico) es un nutriente que el cuerpo necesita para cart\u00edlagos, m\u00fasculos .<br \/>\nLa vitamina C tambi\u00e9n es vital para el proceso de curaci\u00f3n del cuerpo.<\/p>\n<p><span style=\"color: #e30813;\"><strong>Cont. Neto:<\/strong><\/span> Frasco 90 c\u00e1psulas<\/p>\n","protected":false},"featured_media":22211,"comment_status":"open","ping_status":"closed","template":"","meta":[],"product_brand":[],"product_cat":[15,85],"product_tag":[],"location":[],"class_list":{"0":"post-22228","1":"product","2":"type-product","3":"status-publish","4":"has-post-thumbnail","6":"product_cat-uncategorized","7":"product_cat-suplementos-alimenticios","8":"nt-post-class","9":"","15":"first","16":"instock","17":"taxable","18":"shipping-taxable","19":"purchasable","20":"product-type-simple"},"_links":{"self":[{"href":"https:\/\/labogenesis.com\/tienda\/wp-json\/wp\/v2\/product\/22228","targetHints":{"allow":["GET"]}}],"collection":[{"href":"https:\/\/labogenesis.com\/tienda\/wp-json\/wp\/v2\/product"}],"about":[{"href":"https:\/\/labogenesis.com\/tienda\/wp-json\/wp\/v2\/types\/product"}],"replies":[{"embeddable":true,"href":"https:\/\/labogenesis.com\/tienda\/wp-json\/wp\/v2\/comments?post=22228"}],"version-history":[{"count":1,"href":"https:\/\/labogenesis.com\/tienda\/wp-json\/wp\/v2\/product\/22228\/revisions"}],"predecessor-version":[{"id":23876,"href":"https:\/\/labogenesis.com\/tienda\/wp-json\/wp\/v2\/product\/22228\/revisions\/23876"}],"wp:featuredmedia":[{"embeddable":true,"href":"https:\/\/labogenesis.com\/tienda\/wp-json\/wp\/v2\/media\/22211"}],"wp:attachment":[{"href":"https:\/\/labogenesis.com\/tienda\/wp-json\/wp\/v2\/media?parent=22228"}],"wp:term":[{"taxonomy":"product_brand","embeddable":true,"href":"https:\/\/labogenesis.com\/tienda\/wp-json\/wp\/v2\/product_brand?post=22228"},{"taxonomy":"product_cat","embeddable":true,"href":"https:\/\/labogenesis.com\/tienda\/wp-json\/wp\/v2\/product_cat?post=22228"},{"taxonomy":"product_tag","embeddable":true,"href":"https:\/\/labogenesis.com\/tienda\/wp-json\/wp\/v2\/product_tag?post=22228"},{"taxonomy":"location","embeddable":true,"href":"https:\/\/labogenesis.com\/tienda\/wp-json\/wp\/v2\/location?post=22228"}],"curies":[{"name":"wp","href":"https:\/\/api.w.org\/{rel}","templated":true}]}}