{"id":22248,"date":"2025-02-20T19:29:13","date_gmt":"2025-02-21T00:29:13","guid":{"rendered":"https:\/\/krakendigital.lat\/genesis\/?post_type=product&#038;p=22248"},"modified":"2025-09-29T14:40:25","modified_gmt":"2025-09-29T19:40:25","slug":"machinex","status":"publish","type":"product","link":"https:\/\/labogenesis.com\/tienda\/product\/machinex\/","title":{"rendered":"MAchinEX"},"content":{"rendered":"<p><span style=\"color: #e30813;\"><strong>MODO DE USO:<\/strong><\/span><br \/>\nIngerir 1 c\u00e1psula diaria con un vaso de agua.<\/p>\n","protected":false},"excerpt":{"rendered":"<p><strong>GINSENG<\/strong><br \/>\nAyuda a estimular la actividad f\u00edsica y mental, mejorando la capacidad de pensar y la cognici\u00f3n.<\/p>\n<p><strong>L-ARGININA<\/strong><br \/>\nEstimula la s\u00edntesis de \u00f3xido n\u00edtrico para proporcionar mayor flujo sanguineo al m\u00fasculo y dar mayor aporte de nutrientes y ox\u00edgeno.<\/p>\n<p><span style=\"color: #e30813;\"><strong>Cont. Neto:<\/strong><\/span> Frasco 60 c\u00e1psulas<\/p>\n","protected":false},"featured_media":22192,"comment_status":"open","ping_status":"closed","template":"","meta":[],"product_brand":[],"product_cat":[15,85],"product_tag":[],"location":[],"class_list":{"0":"post-22248","1":"product","2":"type-product","3":"status-publish","4":"has-post-thumbnail","6":"product_cat-uncategorized","7":"product_cat-suplementos-alimenticios","8":"nt-post-class","9":"","15":"first","16":"instock","17":"taxable","18":"shipping-taxable","19":"purchasable","20":"product-type-simple"},"_links":{"self":[{"href":"https:\/\/labogenesis.com\/tienda\/wp-json\/wp\/v2\/product\/22248","targetHints":{"allow":["GET"]}}],"collection":[{"href":"https:\/\/labogenesis.com\/tienda\/wp-json\/wp\/v2\/product"}],"about":[{"href":"https:\/\/labogenesis.com\/tienda\/wp-json\/wp\/v2\/types\/product"}],"replies":[{"embeddable":true,"href":"https:\/\/labogenesis.com\/tienda\/wp-json\/wp\/v2\/comments?post=22248"}],"version-history":[{"count":1,"href":"https:\/\/labogenesis.com\/tienda\/wp-json\/wp\/v2\/product\/22248\/revisions"}],"predecessor-version":[{"id":23871,"href":"https:\/\/labogenesis.com\/tienda\/wp-json\/wp\/v2\/product\/22248\/revisions\/23871"}],"wp:featuredmedia":[{"embeddable":true,"href":"https:\/\/labogenesis.com\/tienda\/wp-json\/wp\/v2\/media\/22192"}],"wp:attachment":[{"href":"https:\/\/labogenesis.com\/tienda\/wp-json\/wp\/v2\/media?parent=22248"}],"wp:term":[{"taxonomy":"product_brand","embeddable":true,"href":"https:\/\/labogenesis.com\/tienda\/wp-json\/wp\/v2\/product_brand?post=22248"},{"taxonomy":"product_cat","embeddable":true,"href":"https:\/\/labogenesis.com\/tienda\/wp-json\/wp\/v2\/product_cat?post=22248"},{"taxonomy":"product_tag","embeddable":true,"href":"https:\/\/labogenesis.com\/tienda\/wp-json\/wp\/v2\/product_tag?post=22248"},{"taxonomy":"location","embeddable":true,"href":"https:\/\/labogenesis.com\/tienda\/wp-json\/wp\/v2\/location?post=22248"}],"curies":[{"name":"wp","href":"https:\/\/api.w.org\/{rel}","templated":true}]}}