{"id":22251,"date":"2025-02-20T19:37:43","date_gmt":"2025-02-21T00:37:43","guid":{"rendered":"https:\/\/krakendigital.lat\/genesis\/?post_type=product&#038;p=22251"},"modified":"2025-09-29T14:40:08","modified_gmt":"2025-09-29T19:40:08","slug":"calci-vit-d3","status":"publish","type":"product","link":"https:\/\/labogenesis.com\/tienda\/product\/calci-vit-d3\/","title":{"rendered":"Calci Vit D3"},"content":{"rendered":"<p><span style=\"color: #e30813;\"><strong>MODO DE USO:<\/strong><\/span><br \/>\nIngerir 3 c\u00e1psulas diarias con un vaso de agua.<\/p>\n","protected":false},"excerpt":{"rendered":"<p><strong>VITAMINA D3<\/strong><br \/>\nAyuda absorber el calcio en cantidades adecuadas, disminuyendo el riesgo de desarrollar enfermedades \u00f3seas.<\/p>\n<p><strong>CALCIO<\/strong><br \/>\nAyuda a mantener los huesos fuertes y a disminuir el riesgo de desarrollar enfermedades \u00f3seas, debido a su composici\u00f3n de lact\u00e1to de calcio.<\/p>\n<p><span style=\"color: #e30813;\"><strong>Cont. Neto:<\/strong><\/span> Frasco 90 c\u00e1psulas<\/p>\n","protected":false},"featured_media":22186,"comment_status":"open","ping_status":"closed","template":"","meta":[],"product_brand":[],"product_cat":[15,85],"product_tag":[],"location":[],"class_list":{"0":"post-22251","1":"product","2":"type-product","3":"status-publish","4":"has-post-thumbnail","6":"product_cat-uncategorized","7":"product_cat-suplementos-alimenticios","8":"nt-post-class","9":"","15":"first","16":"instock","17":"taxable","18":"shipping-taxable","19":"purchasable","20":"product-type-simple"},"_links":{"self":[{"href":"https:\/\/labogenesis.com\/tienda\/wp-json\/wp\/v2\/product\/22251","targetHints":{"allow":["GET"]}}],"collection":[{"href":"https:\/\/labogenesis.com\/tienda\/wp-json\/wp\/v2\/product"}],"about":[{"href":"https:\/\/labogenesis.com\/tienda\/wp-json\/wp\/v2\/types\/product"}],"replies":[{"embeddable":true,"href":"https:\/\/labogenesis.com\/tienda\/wp-json\/wp\/v2\/comments?post=22251"}],"version-history":[{"count":1,"href":"https:\/\/labogenesis.com\/tienda\/wp-json\/wp\/v2\/product\/22251\/revisions"}],"predecessor-version":[{"id":23870,"href":"https:\/\/labogenesis.com\/tienda\/wp-json\/wp\/v2\/product\/22251\/revisions\/23870"}],"wp:featuredmedia":[{"embeddable":true,"href":"https:\/\/labogenesis.com\/tienda\/wp-json\/wp\/v2\/media\/22186"}],"wp:attachment":[{"href":"https:\/\/labogenesis.com\/tienda\/wp-json\/wp\/v2\/media?parent=22251"}],"wp:term":[{"taxonomy":"product_brand","embeddable":true,"href":"https:\/\/labogenesis.com\/tienda\/wp-json\/wp\/v2\/product_brand?post=22251"},{"taxonomy":"product_cat","embeddable":true,"href":"https:\/\/labogenesis.com\/tienda\/wp-json\/wp\/v2\/product_cat?post=22251"},{"taxonomy":"product_tag","embeddable":true,"href":"https:\/\/labogenesis.com\/tienda\/wp-json\/wp\/v2\/product_tag?post=22251"},{"taxonomy":"location","embeddable":true,"href":"https:\/\/labogenesis.com\/tienda\/wp-json\/wp\/v2\/location?post=22251"}],"curies":[{"name":"wp","href":"https:\/\/api.w.org\/{rel}","templated":true}]}}