{"id":22255,"date":"2025-02-20T19:41:22","date_gmt":"2025-02-21T00:41:22","guid":{"rendered":"https:\/\/krakendigital.lat\/genesis\/?post_type=product&#038;p=22255"},"modified":"2025-09-29T14:39:47","modified_gmt":"2025-09-29T19:39:47","slug":"supra-mag-liquido","status":"publish","type":"product","link":"https:\/\/labogenesis.com\/tienda\/product\/supra-mag-liquido\/","title":{"rendered":"Supra Mag L\u00edquido"},"content":{"rendered":"<p><span style=\"color: #e30813;\"><strong>MODO DE USO:<\/strong><\/span><br \/>\nIngerir 15 ml en un vaso de agua<\/p>\n","protected":false},"excerpt":{"rendered":"<p><strong>Suplemento alimenticio l\u00edquido de Cloruro de Magnesio.<\/strong><\/p>\n<p>Suplemento alimenticio que purifica la sangre y ayuda a equilibrar el ph Ayuda a eliminar el \u00e1cido que se acumula en los ri\u00f1ones. Estimula las funciones cerebrales y la transmisi\u00f3n de impulsos nerviosos.<\/p>\n<p><span style=\"color: #e30813;\"><strong>Cont. Neto:<\/strong><\/span> 1000 ml<\/p>\n","protected":false},"featured_media":22208,"comment_status":"open","ping_status":"closed","template":"","meta":[],"product_brand":[],"product_cat":[15,85],"product_tag":[],"location":[],"class_list":{"0":"post-22255","1":"product","2":"type-product","3":"status-publish","4":"has-post-thumbnail","6":"product_cat-uncategorized","7":"product_cat-suplementos-alimenticios","8":"nt-post-class","9":"","15":"first","16":"instock","17":"taxable","18":"shipping-taxable","19":"purchasable","20":"product-type-simple"},"_links":{"self":[{"href":"https:\/\/labogenesis.com\/tienda\/wp-json\/wp\/v2\/product\/22255","targetHints":{"allow":["GET"]}}],"collection":[{"href":"https:\/\/labogenesis.com\/tienda\/wp-json\/wp\/v2\/product"}],"about":[{"href":"https:\/\/labogenesis.com\/tienda\/wp-json\/wp\/v2\/types\/product"}],"replies":[{"embeddable":true,"href":"https:\/\/labogenesis.com\/tienda\/wp-json\/wp\/v2\/comments?post=22255"}],"version-history":[{"count":1,"href":"https:\/\/labogenesis.com\/tienda\/wp-json\/wp\/v2\/product\/22255\/revisions"}],"predecessor-version":[{"id":23869,"href":"https:\/\/labogenesis.com\/tienda\/wp-json\/wp\/v2\/product\/22255\/revisions\/23869"}],"wp:featuredmedia":[{"embeddable":true,"href":"https:\/\/labogenesis.com\/tienda\/wp-json\/wp\/v2\/media\/22208"}],"wp:attachment":[{"href":"https:\/\/labogenesis.com\/tienda\/wp-json\/wp\/v2\/media?parent=22255"}],"wp:term":[{"taxonomy":"product_brand","embeddable":true,"href":"https:\/\/labogenesis.com\/tienda\/wp-json\/wp\/v2\/product_brand?post=22255"},{"taxonomy":"product_cat","embeddable":true,"href":"https:\/\/labogenesis.com\/tienda\/wp-json\/wp\/v2\/product_cat?post=22255"},{"taxonomy":"product_tag","embeddable":true,"href":"https:\/\/labogenesis.com\/tienda\/wp-json\/wp\/v2\/product_tag?post=22255"},{"taxonomy":"location","embeddable":true,"href":"https:\/\/labogenesis.com\/tienda\/wp-json\/wp\/v2\/location?post=22255"}],"curies":[{"name":"wp","href":"https:\/\/api.w.org\/{rel}","templated":true}]}}