{"id":22320,"date":"2025-02-20T21:26:10","date_gmt":"2025-02-21T02:26:10","guid":{"rendered":"https:\/\/krakendigital.lat\/genesis\/?post_type=product&#038;p=22320"},"modified":"2025-09-29T14:24:34","modified_gmt":"2025-09-29T19:24:34","slug":"nervinat","status":"publish","type":"product","link":"https:\/\/labogenesis.com\/tienda\/product\/nervinat\/","title":{"rendered":"Nervinat"},"content":{"rendered":"<p><strong>MODO DE USO:<\/strong><br \/>\nDisolver 20 gotas en medio vaso de agua con lim\u00f3n preferentemente, ingerir m\u00e1ximo 2 veces por d\u00eda, con est\u00f3mago lleno.<\/p>\n","protected":false},"excerpt":{"rendered":"<p>Soluci\u00f3n de administraci\u00f3n oral, que previene cualquier alteraci\u00f3n del sistema nervioso, poniendole fin a la ansiedad y el estr\u00e9s. Funciona tambi\u00e9n como un t\u00f3nico cardiaco natural.<\/p>\n<p><span style=\"color: #e30813;\"><strong>Cont. Neto:<\/strong><\/span> 20 ml<\/p>\n","protected":false},"featured_media":22196,"comment_status":"open","ping_status":"closed","template":"","meta":[],"product_brand":[],"product_cat":[15,84],"product_tag":[],"location":[],"class_list":{"0":"post-22320","1":"product","2":"type-product","3":"status-publish","4":"has-post-thumbnail","6":"product_cat-uncategorized","7":"product_cat-productos-naturales","8":"nt-post-class","9":"","15":"first","16":"instock","17":"taxable","18":"shipping-taxable","19":"purchasable","20":"product-type-simple"},"_links":{"self":[{"href":"https:\/\/labogenesis.com\/tienda\/wp-json\/wp\/v2\/product\/22320","targetHints":{"allow":["GET"]}}],"collection":[{"href":"https:\/\/labogenesis.com\/tienda\/wp-json\/wp\/v2\/product"}],"about":[{"href":"https:\/\/labogenesis.com\/tienda\/wp-json\/wp\/v2\/types\/product"}],"replies":[{"embeddable":true,"href":"https:\/\/labogenesis.com\/tienda\/wp-json\/wp\/v2\/comments?post=22320"}],"version-history":[{"count":1,"href":"https:\/\/labogenesis.com\/tienda\/wp-json\/wp\/v2\/product\/22320\/revisions"}],"predecessor-version":[{"id":23850,"href":"https:\/\/labogenesis.com\/tienda\/wp-json\/wp\/v2\/product\/22320\/revisions\/23850"}],"wp:featuredmedia":[{"embeddable":true,"href":"https:\/\/labogenesis.com\/tienda\/wp-json\/wp\/v2\/media\/22196"}],"wp:attachment":[{"href":"https:\/\/labogenesis.com\/tienda\/wp-json\/wp\/v2\/media?parent=22320"}],"wp:term":[{"taxonomy":"product_brand","embeddable":true,"href":"https:\/\/labogenesis.com\/tienda\/wp-json\/wp\/v2\/product_brand?post=22320"},{"taxonomy":"product_cat","embeddable":true,"href":"https:\/\/labogenesis.com\/tienda\/wp-json\/wp\/v2\/product_cat?post=22320"},{"taxonomy":"product_tag","embeddable":true,"href":"https:\/\/labogenesis.com\/tienda\/wp-json\/wp\/v2\/product_tag?post=22320"},{"taxonomy":"location","embeddable":true,"href":"https:\/\/labogenesis.com\/tienda\/wp-json\/wp\/v2\/location?post=22320"}],"curies":[{"name":"wp","href":"https:\/\/api.w.org\/{rel}","templated":true}]}}